{"id":26824,"date":"2023-08-24T12:08:30","date_gmt":"2023-08-24T10:08:30","guid":{"rendered":"https:\/\/www.iungo.com\/?page_id=26824"},"modified":"2024-10-11T17:07:55","modified_gmt":"2024-10-11T15:07:55","slug":"why-iungo","status":"publish","type":"page","link":"https:\/\/www.iungo.com\/en\/why-iungo\/","title":{"rendered":"Why IUNGO"},"content":{"rendered":"<p>[vc_section full_width=&#8221;stretch_row&#8221; css=&#8221;.vc_custom_1727438336265{padding-top: 6% !important;padding-bottom: 6% !important;background-image: url(https:\/\/www.iungo.com\/wp-content\/uploads\/2024\/09\/prova-sfondo_Tavola-disegno-1.png?id=28034) !important;background-position: center !important;background-repeat: no-repeat !important;background-size: cover !important;}&#8221;][vc_row full_width=&#8221;stretch_row&#8221;][vc_column][vc_custom_heading text=&#8221;WHY IUNGO?&#8221; font_container=&#8221;tag:h1|text_align:center|color:%23000000|line_height:40px&#8221; google_fonts=&#8221;font_family:Lato%3A100%2C100italic%2C300%2C300italic%2Cregular%2Citalic%2C700%2C700italic%2C900%2C900italic|font_style:700%20bold%20regular%3A700%3Anormal&#8221; el_class=&#8221;sopratitolo&#8221;][vc_empty_space height=&#8221;12px&#8221;][vc_custom_heading text=&#8221;Boost your Supply Chain Synergy!&#8221; font_container=&#8221;tag:h2|font_size:50PX|text_align:center|color:%23000000&#8243; google_fonts=&#8221;font_family:Lato%3A100%2C100italic%2C300%2C300italic%2Cregular%2Citalic%2C700%2C700italic%2C900%2C900italic|font_style:700%20bold%20regular%3A700%3Anormal&#8221; el_class=&#8221;titolo&#8221;][\/vc_column][\/vc_row][vc_row gap=&#8221;20&#8243; equal_height=&#8221;yes&#8221; disable_element=&#8221;yes&#8221; el_class=&#8221;wrap&#8221;][vc_column width=&#8221;1\/3&#8243; el_class=&#8221;czc-card top-section-card&#8221;][vc_single_image image=&#8221;24308&#8243; img_size=&#8221;full&#8221; alignment=&#8221;center&#8221; el_class=&#8221;czc-card-icon&#8221;][vc_custom_heading text=&#8221;Uno strumento di comunicazione completo&#8221; font_container=&#8221;tag:h4|text_align:center|color:%23515151&#8243; google_fonts=&#8221;font_family:Lato%3A100%2C100italic%2C300%2C300italic%2Cregular%2Citalic%2C700%2C700italic%2C900%2C900italic|font_style:700%20bold%20regular%3A700%3Anormal&#8221; el_class=&#8221;czc-card-title&#8221;][vc_column_text]Maggiore efficacia del tuo team, riducendo i tempi necessari alla gestione dei fornitori per attivit\u00e0 non a valore. Utilizzare i nostri servizi non porta costi aggiuntivi al fornitore perch\u00e8 comunica direttamente tramite la casella di posta, senza registrarsi ad alcun portale.[\/vc_column_text][\/vc_column][vc_column width=&#8221;1\/3&#8243; el_class=&#8221;czc-card top-section-card&#8221;][vc_single_image image=&#8221;24306&#8243; img_size=&#8221;full&#8221; alignment=&#8221;center&#8221; el_class=&#8221;czc-card-icon&#8221;][vc_custom_heading text=&#8221;Massima tracciabilit\u00e0 delle operazioni&#8221; font_container=&#8221;tag:h4|text_align:center|color:%23515151&#8243; google_fonts=&#8221;font_family:Lato%3A100%2C100italic%2C300%2C300italic%2Cregular%2Citalic%2C700%2C700italic%2C900%2C900italic|font_style:700%20bold%20regular%3A700%3Anormal&#8221; el_class=&#8221;czc-card-title&#8221;][vc_column_text]La gestione del processo di acquisto \u00e8 semplice e trasparente: ogni modifica \u00e8 tracciata e le comunicazioni verso il fornitore o gli altri enti aziendali sono automatiche e sempre aggiornate. Ad esempio la gestione degli ordini \u00e8 basata sulle singole righe e viene tenuta traccia del loro storico.[\/vc_column_text][\/vc_column][vc_column width=&#8221;1\/3&#8243; el_class=&#8221;czc-card top-section-card&#8221;][vc_single_image image=&#8221;24310&#8243; img_size=&#8221;full&#8221; alignment=&#8221;center&#8221; el_class=&#8221;czc-card-icon&#8221;][vc_custom_heading text=&#8221;Facile implementazione nelle attivit\u00e0 quotidiane&#8221; font_container=&#8221;tag:h4|text_align:center|color:%23515151&#8243; google_fonts=&#8221;font_family:Lato%3A100%2C100italic%2C300%2C300italic%2Cregular%2Citalic%2C700%2C700italic%2C900%2C900italic|font_style:700%20bold%20regular%3A700%3Anormal&#8221; el_class=&#8221;czc-card-title&#8221;][vc_column_text]Grazie alla facilit\u00e0 d&#8217;uso e alla versatilit\u00e0 (dashboard filtrabile, etichette personalizzate&#8230;) il tuo team acquisti sar\u00e0 incentivato all&#8217;utilizzo e migliorer\u00e0 dal primo giorno la loro operativit\u00e0 quotidiana, permettendo loro di concentrarsi sulle attivit\u00e0 pi\u00f9 strategiche della funzione Acquisti.[\/vc_column_text][\/vc_column][\/vc_row][\/vc_section][vc_section css=&#8221;.vc_custom_1668697271386{padding-top: 3% !important;}&#8221;][vc_row][vc_column width=&#8221;1\/4&#8243;][vc_custom_heading text=&#8221;VISION&#8221; font_container=&#8221;tag:h2|text_align:left|color:%23515151&#8243; google_fonts=&#8221;font_family:Lato%3A100%2C100italic%2C300%2C300italic%2Cregular%2Citalic%2C700%2C700italic%2C900%2C900italic|font_style:400%20regular%3A400%3Anormal&#8221; el_class=&#8221;separated-title&#8221;][vc_empty_space height=&#8221;40px&#8221;][\/vc_column][vc_column width=&#8221;3\/4&#8243;][vc_column_text]In the future of IUNGO there is a different idea of \u201c<strong>supply chain<\/strong>\u201d. No longer a line, but a cloud of dots.<\/p>\n<p>A\u00a0<strong>galaxy<\/strong>\u00a0encompassing all the stakeholders through which the head of the supply chain travels, building its habitat in a\u00a0<strong>highly synergistic environment<\/strong>.<br \/>\nIUNGO\u2019s objective is to transform the concept of \u201csupply chain\u201d into that of \u201c<strong>extended enterprise<\/strong>\u201d.<br \/>\nWhich is a bit like seeing a galaxy in a cluster of stars and Ursa Minor in the connections between them.<\/p>\n<p>IUNGO wants to\u00a0<strong>strengthen those connections<\/strong>, simplifying procedures for stakeholders and maximizing process efficiency.<\/p>\n<p>IUNGO wants to\u00a0<strong>be those connections<\/strong>.<\/p>\n<p>IUNGO wants to be the medium that ensures that the extended enterprise can always, and effortlessly, find its own\u00a0<strong>North Star<\/strong>.[\/vc_column_text][\/vc_column][\/vc_row][vc_row][vc_column][vc_empty_space][vc_separator][vc_empty_space][\/vc_column][\/vc_row][vc_row][vc_column width=&#8221;1\/4&#8243;][vc_custom_heading text=&#8221;MISSION&#8221; font_container=&#8221;tag:h2|text_align:left|color:%23515151&#8243; google_fonts=&#8221;font_family:Lato%3A100%2C100italic%2C300%2C300italic%2Cregular%2Citalic%2C700%2C700italic%2C900%2C900italic|font_style:400%20regular%3A400%3Anormal&#8221; el_class=&#8221;separated-title&#8221;][vc_empty_space height=&#8221;40px&#8221;][\/vc_column][vc_column width=&#8221;3\/4&#8243;][vc_column_text]IUNGO has brought a new approach to the supply chain world:\u00a0<strong>IUNGOmail<\/strong>, which has radically innovated the industry and has become the current paradigm.<\/p>\n<p>But research has most certainly not stopped: IUNGO continues to evolve in the direction of a single, simple and secure\u00a0<strong>digital ecosystem<\/strong>\u00a0that optimises\u00a0<strong>supply chain synergy<\/strong>.<br \/>\nMoreover, over the years, IUNGO has invested in its corporate structure, first and foremost in the care of human resources and financial solidity, which guarantee customers\u00a0<strong>stability<\/strong>\u00a0and\u00a0<strong>continuity of<\/strong>\u00a0contact points.<\/p>\n<p>In addition to technology, IUNGO makes its <strong>expertise<\/strong> in the sector available to all partners, so as to contribute structurally to the continuous widespread growth of the\u00a0<strong>network<\/strong>.[\/vc_column_text][\/vc_column][\/vc_row][vc_row][vc_column][vc_empty_space][vc_separator][vc_empty_space][\/vc_column][\/vc_row][vc_row css=&#8221;.vc_custom_1669287833831{padding-top: 2% !important;}&#8221;][vc_column][vc_custom_heading text=&#8221;WHY START A JOURNEY WITH US&#8221; font_container=&#8221;tag:h2|text_align:center|color:%23515151&#8243; google_fonts=&#8221;font_family:Lato%3A100%2C100italic%2C300%2C300italic%2Cregular%2Citalic%2C700%2C700italic%2C900%2C900italic|font_style:400%20regular%3A400%3Anormal&#8221; el_class=&#8221;separated-title&#8221;][vc_empty_space][\/vc_column][\/vc_row][vc_row gap=&#8221;15&#8243; equal_height=&#8221;yes&#8221; content_placement=&#8221;middle&#8221; css=&#8221;.vc_custom_1669287853070{padding-bottom: 2% !important;}&#8221;][vc_column el_class=&#8221;czc-col-half-half&#8221;][vc_row_inner equal_height=&#8221;yes&#8221; rtl_reverse=&#8221;yes&#8221; gap=&#8221;15&#8243;][vc_column_inner el_class=&#8221;czc-card fornitori-card&#8221; width=&#8221;1\/4&#8243;][vc_single_image image=&#8221;25082&#8243; img_size=&#8221;70&#215;70&#8243; alignment=&#8221;center&#8221; css_animation=&#8221;fadeInDown&#8221; el_class=&#8221;delay-1&#8243;][vc_empty_space height=&#8221;12px&#8221;][vc_custom_heading text=&#8221;We support customers until results are achieved&#8221; font_container=&#8221;tag:h5|text_align:center|color:%23515151&#8243; google_fonts=&#8221;font_family:Lato%3A100%2C100italic%2C300%2C300italic%2Cregular%2Citalic%2C700%2C700italic%2C900%2C900italic|font_style:700%20bold%20regular%3A700%3Anormal&#8221; el_class=&#8221;czc-card-desc&#8221;][\/vc_column_inner][vc_column_inner el_class=&#8221;czc-card fornitori-card&#8221; width=&#8221;1\/4&#8243;][vc_single_image image=&#8221;25178&#8243; img_size=&#8221;70&#215;70&#8243; alignment=&#8221;center&#8221; css_animation=&#8221;fadeInDown&#8221; el_class=&#8221;delay-2&#8243;][vc_empty_space height=&#8221;12px&#8221;][vc_custom_heading text=&#8221;Best-in-class technology&#8221; font_container=&#8221;tag:h5|text_align:center|color:%23515151&#8243; google_fonts=&#8221;font_family:Lato%3A100%2C100italic%2C300%2C300italic%2Cregular%2Citalic%2C700%2C700italic%2C900%2C900italic|font_style:700%20bold%20regular%3A700%3Anormal&#8221; el_class=&#8221;czc-card-desc&#8221;][\/vc_column_inner][vc_column_inner el_class=&#8221;czc-card fornitori-card&#8221; width=&#8221;1\/4&#8243;][vc_single_image image=&#8221;25127&#8243; img_size=&#8221;70&#215;70&#8243; alignment=&#8221;center&#8221; css_animation=&#8221;fadeInDown&#8221; el_class=&#8221;delay-3&#8243;][vc_empty_space height=&#8221;12px&#8221;][vc_custom_heading text=&#8221;Ecosystem with a high level of competence&#8221; font_container=&#8221;tag:h5|text_align:center|color:%23515151&#8243; google_fonts=&#8221;font_family:Lato%3A100%2C100italic%2C300%2C300italic%2Cregular%2Citalic%2C700%2C700italic%2C900%2C900italic|font_style:700%20bold%20regular%3A700%3Anormal&#8221; el_class=&#8221;czc-card-desc&#8221;][\/vc_column_inner][vc_column_inner el_class=&#8221;czc-card fornitori-card&#8221; width=&#8221;1\/4&#8243;][vc_single_image image=&#8221;25084&#8243; img_size=&#8221;70&#215;70&#8243; alignment=&#8221;center&#8221; css_animation=&#8221;fadeInDown&#8221; el_class=&#8221;delay-4&#8243;][vc_empty_space height=&#8221;12px&#8221;][vc_custom_heading text=&#8221;Financial solidity: a guarantee of reliability for our customers&#8221; font_container=&#8221;tag:h5|text_align:center|color:%23515151&#8243; google_fonts=&#8221;font_family:Lato%3A100%2C100italic%2C300%2C300italic%2Cregular%2Citalic%2C700%2C700italic%2C900%2C900italic|font_style:700%20bold%20regular%3A700%3Anormal&#8221; el_class=&#8221;czc-card-desc&#8221;][\/vc_column_inner][\/vc_row_inner][\/vc_column][\/vc_row][vc_row][vc_column][vc_empty_space][vc_separator][vc_empty_space][\/vc_column][\/vc_row][vc_row css=&#8221;.vc_custom_1669287814240{padding-top: 2% !important;padding-bottom: 2% !important;}&#8221;][vc_column width=&#8221;1\/4&#8243;][vc_custom_heading text=&#8221;EXPERTISE<br \/>\n&amp;<br \/>\nINNOVATION&#8221; font_container=&#8221;tag:h2|text_align:left|color:%23515151&#8243; google_fonts=&#8221;font_family:Lato%3A100%2C100italic%2C300%2C300italic%2Cregular%2Citalic%2C700%2C700italic%2C900%2C900italic|font_style:400%20regular%3A400%3Anormal&#8221; el_class=&#8221;separated-title&#8221;][vc_empty_space height=&#8221;40px&#8221;][\/vc_column][vc_column width=&#8221;3\/4&#8243;][vc_column_text]<strong>The experience <\/strong>accumulated over the years and the versatility of the product gives us the opportunity to direct you towards the solutions that best suit your work process, suggesting improvements where possible. Our consultants will also always be ready to resolve all your doubts quickly and competently.<\/p>\n<p>The product and services we provide <strong>evolve<\/strong> with the market. This is why we strive to <strong>constantly innovate our product<\/strong> and build effective <strong>collaborations and partnerships<\/strong> with third-party companies, enabling us to expand the offer and business processes covered.[\/vc_column_text][\/vc_column][\/vc_row][vc_row][vc_column][vc_empty_space][vc_separator][vc_empty_space][vc_custom_heading text=&#8221;AWARDS&#8221; font_container=&#8221;tag:h2|text_align:center|color:%23515151&#8243; google_fonts=&#8221;font_family:Lato%3A100%2C100italic%2C300%2C300italic%2Cregular%2Citalic%2C700%2C700italic%2C900%2C900italic|font_style:400%20regular%3A400%3Anormal&#8221; el_class=&#8221;separated-title&#8221; css=&#8221;.vc_custom_1691576065148{padding-top: 2% !important;}&#8221;][vc_empty_space][\/vc_column][\/vc_row][vc_row gap=&#8221;20&#8243; equal_height=&#8221;yes&#8221; css=&#8221;.vc_custom_1669287715915{padding-bottom: 5% !important;}&#8221;][vc_column width=&#8221;1\/4&#8243; el_class=&#8221;czc-card why-iungo-card&#8221;][vc_single_image image=&#8221;25607&#8243; img_size=&#8221;full&#8221; alignment=&#8221;center&#8221; el_class=&#8221;czc-card-icon&#8221;][vc_custom_heading text=&#8221;2021&#8243; font_container=&#8221;tag:h4|text_align:center|color:%23515151&#8243; google_fonts=&#8221;font_family:Lato%3A100%2C100italic%2C300%2C300italic%2Cregular%2Citalic%2C700%2C700italic%2C900%2C900italic|font_style:700%20bold%20regular%3A700%3Anormal&#8221; el_class=&#8221;czc-card-title&#8221;][vc_column_text]IUNGO among the 1.000 European companies that grew the most between 2015 and 2018 in terms of turnover.<br \/>\nFT 1000 Europe&#8217;s Fastest Growing Companies 2020.<br \/>\nFT 1000 Europe&#8217;s Fastest Growing Companies 2021.[\/vc_column_text][\/vc_column][vc_column width=&#8221;1\/4&#8243; el_class=&#8221;czc-card why-iungo-card&#8221;][vc_single_image image=&#8221;25612&#8243; img_size=&#8221;full&#8221; alignment=&#8221;center&#8221; el_class=&#8221;czc-card-icon&#8221;][vc_custom_heading text=&#8221;2021&#8243; font_container=&#8221;tag:h4|text_align:center|color:%23515151&#8243; google_fonts=&#8221;font_family:Lato%3A100%2C100italic%2C300%2C300italic%2Cregular%2Citalic%2C700%2C700italic%2C900%2C900italic|font_style:700%20bold%20regular%3A700%3Anormal&#8221; el_class=&#8221;czc-card-title&#8221;][vc_column_text]Certification of excellent level of patrimoniality and commercial reliability, combined with punctuality in honoring payments with suppliers.[\/vc_column_text][\/vc_column][vc_column width=&#8221;1\/4&#8243; el_class=&#8221;czc-card why-iungo-card&#8221;][vc_single_image image=&#8221;25898&#8243; img_size=&#8221;full&#8221; alignment=&#8221;center&#8221; el_class=&#8221;czc-card-icon&#8221;][vc_custom_heading text=&#8221;2024&#8243; font_container=&#8221;tag:h4|text_align:center|color:%23515151&#8243; google_fonts=&#8221;font_family:Lato%3A100%2C100italic%2C300%2C300italic%2Cregular%2Citalic%2C700%2C700italic%2C900%2C900italic|font_style:700%20bold%20regular%3A700%3Anormal&#8221; el_class=&#8221;czc-card-title&#8221;][vc_column_text]IUNGO honored for being among the 1,000 best performing companies in Emilia-Romagna.<br \/>\nThe <strong>ItalyPost Study Center<\/strong> analyzed companies in Italy&#8217;s major industrial provinces to rank the Best Performers, with healthy balance sheets and ready to successfully face 2025.[\/vc_column_text][\/vc_column][vc_column width=&#8221;1\/4&#8243; el_class=&#8221;czc-card why-iungo-card&#8221;][vc_single_image image=&#8221;25604&#8243; img_size=&#8221;417&#215;95&#8243; alignment=&#8221;center&#8221; el_class=&#8221;czc-card-icon&#8221;][vc_custom_heading text=&#8221;2020 &#8211; 2021 &#8211; 2023&#8243; font_container=&#8221;tag:h4|text_align:center|color:%23515151&#8243; google_fonts=&#8221;font_family:Lato%3A100%2C100italic%2C300%2C300italic%2Cregular%2Citalic%2C700%2C700italic%2C900%2C900italic|font_style:700%20bold%20regular%3A700%3Anormal&#8221; el_class=&#8221;czc-card-title&#8221;][vc_column_text]Manufacturing Context: IUNGO is the only Italian Company in the Magic Quadrant for Procure-to-Pay Suites &#8211; June 2023<\/p>\n<p>IUNGO cited among European vendors of solutions to improve collaboration between business partners, in the Gartner\u2019s research \u201cMarket Guide for Multienterprise Collaboration Networks.\u201d \u2013 April 2023[\/vc_column_text][\/vc_column][\/vc_row][\/vc_section][vc_section full_width=&#8221;stretch_row_content&#8221; css=&#8221;.vc_custom_1669287595234{padding-top: 6% !important;padding-bottom: 6% !important;background-image: url(https:\/\/www.iungo.com\/wp-content\/uploads\/2022\/08\/prova-2_Tavola-disegno-1-scaled.jpg?id=24801) !important;}&#8221;][vc_row][vc_column][vc_custom_heading text=&#8221;Contact us and let&#8217;s find out together which IUNGO solution best suits your Supply Chain needs&#8221; font_container=&#8221;tag:h3|font_size:20px|text_align:center|color:%23ffffff&#8221; use_theme_fonts=&#8221;yes&#8221;][vc_empty_space][vc_column_text]<\/p>\n<p style=\"text-align: center;\"><a class=\"czc-button-pieno\" href=\"https:\/\/www.iungo.com\/en\/contacts\/\">Contact us<\/a><\/p>\n<p>[\/vc_column_text][\/vc_column][\/vc_row][\/vc_section]<\/p>\n","protected":false},"excerpt":{"rendered":"<p>[vc_section full_width=&#8221;stretch_row&#8221; css=&#8221;.vc_custom_1727438336265{padding-top: 6% !important;padding-bottom: 6% !important;background-image: url(https:\/\/www.iungo.com\/wp-content\/uploads\/2024\/09\/prova-sfondo_Tavola-disegno-1.png?id=28034) !important;background-position: center !important;background-repeat: no-repeat !important;background-size: cover !important;}&#8221;][vc_row full_width=&#8221;stretch_row&#8221;][vc_column][vc_custom_heading text=&#8221;WHY IUNGO?&#8221; font_container=&#8221;tag:h1|text_align:center|color:%23000000|line_height:40px&#8221; google_fonts=&#8221;font_family:Lato%3A100%2C100italic%2C300%2C300italic%2Cregular%2Citalic%2C700%2C700italic%2C900%2C900italic|font_style:700%20bold%20regular%3A700%3Anormal&#8221; [&hellip;]<\/p>\n","protected":false},"author":1563,"featured_media":24802,"parent":0,"menu_order":0,"comment_status":"closed","ping_status":"closed","template":"","meta":{"_acf_changed":false,"content-type":"","footnotes":"","_vp_format_video_url":"","_vp_image_focal_point":[]},"acf":[],"yoast_head":"<!-- This site is optimized with the Yoast SEO plugin v22.2 - https:\/\/yoast.com\/wordpress\/plugins\/seo\/ -->\n<title>Why start a journey with IUNGO<\/title>\n<meta name=\"description\" content=\"IUNGO has brought a new approach to the supply chain world: IUNGOmail, which has innovated the industry and has become the current paradigm.\" \/>\n<meta name=\"robots\" content=\"index, follow, max-snippet:-1, max-image-preview:large, max-video-preview:-1\" \/>\n<link rel=\"canonical\" href=\"https:\/\/www.iungo.com\/en\/why-iungo\/\" \/>\n<meta property=\"og:locale\" content=\"en_US\" \/>\n<meta property=\"og:type\" content=\"article\" \/>\n<meta property=\"og:title\" content=\"Why start a journey with IUNGO\" \/>\n<meta property=\"og:description\" content=\"IUNGO has brought a new approach to the supply chain world: IUNGOmail, which has innovated the industry and has become the current paradigm.\" \/>\n<meta property=\"og:url\" content=\"https:\/\/www.iungo.com\/en\/why-iungo\/\" \/>\n<meta property=\"og:site_name\" content=\"IUNGO\" \/>\n<meta property=\"article:modified_time\" content=\"2024-10-11T15:07:55+00:00\" \/>\n<meta property=\"og:image\" content=\"https:\/\/www.iungo.com\/wp-content\/uploads\/2022\/08\/prova-2_Tavola-disegno-1-scaled.jpg\" \/>\n\t<meta property=\"og:image:width\" content=\"2560\" \/>\n\t<meta property=\"og:image:height\" content=\"1700\" \/>\n\t<meta property=\"og:image:type\" content=\"image\/jpeg\" \/>\n<meta name=\"twitter:card\" content=\"summary_large_image\" \/>\n<meta name=\"twitter:label1\" content=\"Est. reading time\" \/>\n\t<meta name=\"twitter:data1\" content=\"5 minutes\" \/>\n<script type=\"application\/ld+json\" class=\"yoast-schema-graph\">{\"@context\":\"https:\/\/schema.org\",\"@graph\":[{\"@type\":\"WebPage\",\"@id\":\"https:\/\/www.iungo.com\/en\/why-iungo\/\",\"url\":\"https:\/\/www.iungo.com\/en\/why-iungo\/\",\"name\":\"Why start a journey with IUNGO\",\"isPartOf\":{\"@id\":\"https:\/\/www.iungo.com\/#website\"},\"primaryImageOfPage\":{\"@id\":\"https:\/\/www.iungo.com\/en\/why-iungo\/#primaryimage\"},\"image\":{\"@id\":\"https:\/\/www.iungo.com\/en\/why-iungo\/#primaryimage\"},\"thumbnailUrl\":\"https:\/\/www.iungo.com\/wp-content\/uploads\/2022\/08\/prova-2_Tavola-disegno-1-scaled.jpg\",\"datePublished\":\"2023-08-24T10:08:30+00:00\",\"dateModified\":\"2024-10-11T15:07:55+00:00\",\"description\":\"IUNGO has brought a new approach to the supply chain world: IUNGOmail, which has innovated the industry and has become the current paradigm.\",\"breadcrumb\":{\"@id\":\"https:\/\/www.iungo.com\/en\/why-iungo\/#breadcrumb\"},\"inLanguage\":\"en-US\",\"potentialAction\":[{\"@type\":\"ReadAction\",\"target\":[\"https:\/\/www.iungo.com\/en\/why-iungo\/\"]}]},{\"@type\":\"ImageObject\",\"inLanguage\":\"en-US\",\"@id\":\"https:\/\/www.iungo.com\/en\/why-iungo\/#primaryimage\",\"url\":\"https:\/\/www.iungo.com\/wp-content\/uploads\/2022\/08\/prova-2_Tavola-disegno-1-scaled.jpg\",\"contentUrl\":\"https:\/\/www.iungo.com\/wp-content\/uploads\/2022\/08\/prova-2_Tavola-disegno-1-scaled.jpg\",\"width\":2560,\"height\":1700,\"caption\":\"ecosistema digitale\"},{\"@type\":\"BreadcrumbList\",\"@id\":\"https:\/\/www.iungo.com\/en\/why-iungo\/#breadcrumb\",\"itemListElement\":[{\"@type\":\"ListItem\",\"position\":1,\"name\":\"Home\",\"item\":\"https:\/\/www.iungo.com\/en\/\"},{\"@type\":\"ListItem\",\"position\":2,\"name\":\"Why IUNGO\"}]},{\"@type\":\"WebSite\",\"@id\":\"https:\/\/www.iungo.com\/#website\",\"url\":\"https:\/\/www.iungo.com\/\",\"name\":\"IUNGO\",\"description\":\"\",\"publisher\":{\"@id\":\"https:\/\/www.iungo.com\/#organization\"},\"potentialAction\":[{\"@type\":\"SearchAction\",\"target\":{\"@type\":\"EntryPoint\",\"urlTemplate\":\"https:\/\/www.iungo.com\/?s={search_term_string}\"},\"query-input\":\"required name=search_term_string\"}],\"inLanguage\":\"en-US\"},{\"@type\":\"Organization\",\"@id\":\"https:\/\/www.iungo.com\/#organization\",\"name\":\"IUNGO\",\"url\":\"https:\/\/www.iungo.com\/\",\"logo\":{\"@type\":\"ImageObject\",\"inLanguage\":\"en-US\",\"@id\":\"https:\/\/www.iungo.com\/#\/schema\/logo\/image\/\",\"url\":\"https:\/\/www.iungo.com\/wp-content\/uploads\/2019\/10\/logo-iungo.png\",\"contentUrl\":\"https:\/\/www.iungo.com\/wp-content\/uploads\/2019\/10\/logo-iungo.png\",\"width\":167,\"height\":73,\"caption\":\"IUNGO\"},\"image\":{\"@id\":\"https:\/\/www.iungo.com\/#\/schema\/logo\/image\/\"}}]}<\/script>\n<!-- \/ Yoast SEO plugin. -->","yoast_head_json":{"title":"Why start a journey with IUNGO","description":"IUNGO has brought a new approach to the supply chain world: IUNGOmail, which has innovated the industry and has become the current paradigm.","robots":{"index":"index","follow":"follow","max-snippet":"max-snippet:-1","max-image-preview":"max-image-preview:large","max-video-preview":"max-video-preview:-1"},"canonical":"https:\/\/www.iungo.com\/en\/why-iungo\/","og_locale":"en_US","og_type":"article","og_title":"Why start a journey with IUNGO","og_description":"IUNGO has brought a new approach to the supply chain world: IUNGOmail, which has innovated the industry and has become the current paradigm.","og_url":"https:\/\/www.iungo.com\/en\/why-iungo\/","og_site_name":"IUNGO","article_modified_time":"2024-10-11T15:07:55+00:00","og_image":[{"width":2560,"height":1700,"url":"https:\/\/www.iungo.com\/wp-content\/uploads\/2022\/08\/prova-2_Tavola-disegno-1-scaled.jpg","type":"image\/jpeg"}],"twitter_card":"summary_large_image","twitter_misc":{"Est. reading time":"5 minutes"},"schema":{"@context":"https:\/\/schema.org","@graph":[{"@type":"WebPage","@id":"https:\/\/www.iungo.com\/en\/why-iungo\/","url":"https:\/\/www.iungo.com\/en\/why-iungo\/","name":"Why start a journey with IUNGO","isPartOf":{"@id":"https:\/\/www.iungo.com\/#website"},"primaryImageOfPage":{"@id":"https:\/\/www.iungo.com\/en\/why-iungo\/#primaryimage"},"image":{"@id":"https:\/\/www.iungo.com\/en\/why-iungo\/#primaryimage"},"thumbnailUrl":"https:\/\/www.iungo.com\/wp-content\/uploads\/2022\/08\/prova-2_Tavola-disegno-1-scaled.jpg","datePublished":"2023-08-24T10:08:30+00:00","dateModified":"2024-10-11T15:07:55+00:00","description":"IUNGO has brought a new approach to the supply chain world: IUNGOmail, which has innovated the industry and has become the current paradigm.","breadcrumb":{"@id":"https:\/\/www.iungo.com\/en\/why-iungo\/#breadcrumb"},"inLanguage":"en-US","potentialAction":[{"@type":"ReadAction","target":["https:\/\/www.iungo.com\/en\/why-iungo\/"]}]},{"@type":"ImageObject","inLanguage":"en-US","@id":"https:\/\/www.iungo.com\/en\/why-iungo\/#primaryimage","url":"https:\/\/www.iungo.com\/wp-content\/uploads\/2022\/08\/prova-2_Tavola-disegno-1-scaled.jpg","contentUrl":"https:\/\/www.iungo.com\/wp-content\/uploads\/2022\/08\/prova-2_Tavola-disegno-1-scaled.jpg","width":2560,"height":1700,"caption":"ecosistema digitale"},{"@type":"BreadcrumbList","@id":"https:\/\/www.iungo.com\/en\/why-iungo\/#breadcrumb","itemListElement":[{"@type":"ListItem","position":1,"name":"Home","item":"https:\/\/www.iungo.com\/en\/"},{"@type":"ListItem","position":2,"name":"Why IUNGO"}]},{"@type":"WebSite","@id":"https:\/\/www.iungo.com\/#website","url":"https:\/\/www.iungo.com\/","name":"IUNGO","description":"","publisher":{"@id":"https:\/\/www.iungo.com\/#organization"},"potentialAction":[{"@type":"SearchAction","target":{"@type":"EntryPoint","urlTemplate":"https:\/\/www.iungo.com\/?s={search_term_string}"},"query-input":"required name=search_term_string"}],"inLanguage":"en-US"},{"@type":"Organization","@id":"https:\/\/www.iungo.com\/#organization","name":"IUNGO","url":"https:\/\/www.iungo.com\/","logo":{"@type":"ImageObject","inLanguage":"en-US","@id":"https:\/\/www.iungo.com\/#\/schema\/logo\/image\/","url":"https:\/\/www.iungo.com\/wp-content\/uploads\/2019\/10\/logo-iungo.png","contentUrl":"https:\/\/www.iungo.com\/wp-content\/uploads\/2019\/10\/logo-iungo.png","width":167,"height":73,"caption":"IUNGO"},"image":{"@id":"https:\/\/www.iungo.com\/#\/schema\/logo\/image\/"}}]}},"_links":{"self":[{"href":"https:\/\/www.iungo.com\/en\/wp-json\/wp\/v2\/pages\/26824"}],"collection":[{"href":"https:\/\/www.iungo.com\/en\/wp-json\/wp\/v2\/pages"}],"about":[{"href":"https:\/\/www.iungo.com\/en\/wp-json\/wp\/v2\/types\/page"}],"author":[{"embeddable":true,"href":"https:\/\/www.iungo.com\/en\/wp-json\/wp\/v2\/users\/1563"}],"replies":[{"embeddable":true,"href":"https:\/\/www.iungo.com\/en\/wp-json\/wp\/v2\/comments?post=26824"}],"version-history":[{"count":8,"href":"https:\/\/www.iungo.com\/en\/wp-json\/wp\/v2\/pages\/26824\/revisions"}],"predecessor-version":[{"id":28111,"href":"https:\/\/www.iungo.com\/en\/wp-json\/wp\/v2\/pages\/26824\/revisions\/28111"}],"wp:featuredmedia":[{"embeddable":true,"href":"https:\/\/www.iungo.com\/en\/wp-json\/wp\/v2\/media\/24802"}],"wp:attachment":[{"href":"https:\/\/www.iungo.com\/en\/wp-json\/wp\/v2\/media?parent=26824"}],"curies":[{"name":"wp","href":"https:\/\/api.w.org\/{rel}","templated":true}]}}